{"id":564,"date":"2025-04-29T10:00:05","date_gmt":"2025-04-29T08:00:05","guid":{"rendered":"https:\/\/breizh-alec.lennycopau.fr\/?page_id=564"},"modified":"2025-05-27T09:59:19","modified_gmt":"2025-05-27T07:59:19","slug":"offres-demploi","status":"publish","type":"page","link":"https:\/\/breizh-alec.lennycopau.fr\/index.php\/offres-demploi\/","title":{"rendered":"Offres d&#8217;emploi"},"content":{"rendered":"\t\t<div data-elementor-type=\"wp-page\" data-elementor-id=\"564\" class=\"elementor elementor-564\" data-elementor-post-type=\"page\">\n\t\t\t\t<div class=\"elementor-element elementor-element-fef199b e-con-full placeholder-header e-flex e-con e-parent\" data-id=\"fef199b\" data-element_type=\"container\">\n\t\t\t\t<\/div>\n\t\t<div class=\"elementor-element elementor-element-9e9c74f e-con-full e-flex e-con e-parent\" data-id=\"9e9c74f\" data-element_type=\"container\">\n\t\t\t\t<div class=\"elementor-element elementor-element-ec35ccd elementor-widget elementor-widget-shortcode\" data-id=\"ec35ccd\" data-element_type=\"widget\" data-widget_type=\"shortcode.default\">\n\t\t\t\t<div class=\"elementor-widget-container\">\n\t\t\t\t\t\t\t<div class=\"elementor-shortcode\"><nav class=\"fil-ariane\"><a href=\"https:\/\/breizh-alec.lennycopau.fr\">Accueil<\/a> &rarr; <\/nav>\n<\/div>\n\t\t\t\t\t\t<\/div>\n\t\t\t\t<\/div>\n\t\t\t\t<div class=\"elementor-element elementor-element-c5724ad elementor-widget elementor-widget-heading\" data-id=\"c5724ad\" data-element_type=\"widget\" data-widget_type=\"heading.default\">\n\t\t\t\t<div class=\"elementor-widget-container\">\n\t\t\t\t\t<h1 class=\"elementor-heading-title elementor-size-default\">Offres d'emploi<\/h1>\t\t\t\t<\/div>\n\t\t\t\t<\/div>\n\t\t\t\t<div class=\"elementor-element elementor-element-40e1a83 chapo elementor-hidden-mobile elementor-widget elementor-widget-heading\" data-id=\"40e1a83\" data-element_type=\"widget\" data-widget_type=\"heading.default\">\n\t\t\t\t<div class=\"elementor-widget-container\">\n\t\t\t\t\t<p class=\"elementor-heading-title elementor-size-default\">Vous\u00a0cherchez un emploi dans la transition \u00e9nerg\u00e9tique et \u00e9cologique en Bretagne ? Face \u00e0 l\u2019amplification des sujets environnement et transition, les Agences Locales de l\u2019\u00c9nergie et du Climat (ALEC) bretonnes voient leurs effectifs s\u2019accro\u00eetre ! Rejoindre une ALEC en Bretagne, c\u2019est int\u00e9grer un r\u00e9seau engag\u00e9 et solidaire, au service des objectifs de la transition \u00e9nerg\u00e9tique de son territoire. Prenez connaissance des offres d\u2019emploi en cours.<\/p>\t\t\t\t<\/div>\n\t\t\t\t<\/div>\n\t\t\t\t<\/div>\n\t\t<div class=\"elementor-element elementor-element-d70936b e-con-full e-flex e-con e-parent\" data-id=\"d70936b\" data-element_type=\"container\">\n\t\t\t\t<div class=\"elementor-element elementor-element-70095e3 elementor-widget elementor-widget-shortcode\" data-id=\"70095e3\" data-element_type=\"widget\" data-widget_type=\"shortcode.default\">\n\t\t\t\t<div class=\"elementor-widget-container\">\n\t\t\t\t\t\t\t<div class=\"elementor-shortcode\"><div class=\"job-filters\"><a class=\"active\" href=\"\/index.php\/wp-json\/wp\/v2\/pages\/564\">Toutes les offres<\/a><a class=\"\" href=\"\/index.php\/wp-json\/wp\/v2\/pages\/564?type=cdi\">CDI<\/a><a class=\"\" href=\"\/index.php\/wp-json\/wp\/v2\/pages\/564?type=cdd\">CDD<\/a><a class=\"\" href=\"\/index.php\/wp-json\/wp\/v2\/pages\/564?type=stage\">Stage<\/a><a class=\"\" href=\"\/index.php\/wp-json\/wp\/v2\/pages\/564?type=apprentissage\">Apprentissage<\/a><\/div><\/div>\n\t\t\t\t\t\t<\/div>\n\t\t\t\t<\/div>\n\t\t\t\t<\/div>\n\t\t<div class=\"elementor-element elementor-element-b6bcfc2 e-con-full e-flex e-con e-parent\" data-id=\"b6bcfc2\" data-element_type=\"container\">\n\t\t\t\t<div class=\"elementor-element elementor-element-89b3b09 elementor-widget elementor-widget-shortcode\" data-id=\"89b3b09\" data-element_type=\"widget\" data-widget_type=\"shortcode.default\">\n\t\t\t\t<div class=\"elementor-widget-container\">\n\t\t\t\t\t\t\t<div class=\"elementor-shortcode\"><div class=\"job-cards-container\"><div class=\"job-card\"><div class=\"job-title\"><div class=\"job-type\">Apprentissage<\/div><h3 class=\"job-title-text\">Conseiller\u00b7\u00e8re en \u00e9nergie aupr\u00e8s des particuliers<\/h3><div class=\"job-org\">ALEC pays de Saint-Brieuc avec l\u2019ALEC des Vallons de Vilaine<\/div><\/div><div class=\"job-infos\"><div class=\"job-lieu\">Lieu : Foug\u00e8res (35)<\/div><div class=\"job-date\">Date limite : 18\/04\/2025<\/div><a class=\"job-link\" href=\"#\" target=\"_blank\">Voir la fiche de poste<\/a><\/div><\/div><div class=\"job-card\"><div class=\"job-title\"><div class=\"job-type\">CDI<\/div><h3 class=\"job-title-text\">Conseiller\u00b7\u00e8re en \u00c9nergie Partag\u00e9\u00b7e<\/h3><div class=\"job-org\">ALEC pays de Saint-Brieuc<\/div><\/div><div class=\"job-infos\"><div class=\"job-date\">Date limite : 20\/04\/2025<\/div><a class=\"job-link\" href=\"#\" target=\"_blank\">Voir la fiche de poste<\/a><\/div><\/div><\/div><\/div>\n\t\t\t\t\t\t<\/div>\n\t\t\t\t<\/div>\n\t\t\t\t<\/div>\n\t\t\t\t<\/div>\n\t\t","protected":false},"excerpt":{"rendered":"<p>Offres d&#8217;emploi Vous\u00a0cherchez un emploi dans la transition \u00e9nerg\u00e9tique et \u00e9cologique en Bretagne ? Face \u00e0 l\u2019amplification des sujets environnement et transition, les Agences Locales de l\u2019\u00c9nergie et du Climat (ALEC) bretonnes voient leurs effectifs s\u2019accro\u00eetre ! Rejoindre une ALEC en Bretagne, c\u2019est int\u00e9grer un r\u00e9seau engag\u00e9 et solidaire, au service des objectifs de la [&hellip;]<\/p>\n","protected":false},"author":1,"featured_media":0,"parent":0,"menu_order":0,"comment_status":"closed","ping_status":"closed","template":"","meta":{"footnotes":""},"class_list":["post-564","page","type-page","status-publish","hentry"],"_links":{"self":[{"href":"https:\/\/breizh-alec.lennycopau.fr\/index.php\/wp-json\/wp\/v2\/pages\/564","targetHints":{"allow":["GET"]}}],"collection":[{"href":"https:\/\/breizh-alec.lennycopau.fr\/index.php\/wp-json\/wp\/v2\/pages"}],"about":[{"href":"https:\/\/breizh-alec.lennycopau.fr\/index.php\/wp-json\/wp\/v2\/types\/page"}],"author":[{"embeddable":true,"href":"https:\/\/breizh-alec.lennycopau.fr\/index.php\/wp-json\/wp\/v2\/users\/1"}],"replies":[{"embeddable":true,"href":"https:\/\/breizh-alec.lennycopau.fr\/index.php\/wp-json\/wp\/v2\/comments?post=564"}],"version-history":[{"count":61,"href":"https:\/\/breizh-alec.lennycopau.fr\/index.php\/wp-json\/wp\/v2\/pages\/564\/revisions"}],"predecessor-version":[{"id":1005,"href":"https:\/\/breizh-alec.lennycopau.fr\/index.php\/wp-json\/wp\/v2\/pages\/564\/revisions\/1005"}],"wp:attachment":[{"href":"https:\/\/breizh-alec.lennycopau.fr\/index.php\/wp-json\/wp\/v2\/media?parent=564"}],"curies":[{"name":"wp","href":"https:\/\/api.w.org\/{rel}","templated":true}]}}