{"id":389,"date":"2025-04-22T08:07:52","date_gmt":"2025-04-22T06:07:52","guid":{"rendered":"https:\/\/breizh-alec.lennycopau.fr\/?page_id=389"},"modified":"2025-05-27T10:09:41","modified_gmt":"2025-05-27T08:09:41","slug":"actualites","status":"publish","type":"page","link":"https:\/\/breizh-alec.lennycopau.fr\/index.php\/actualites\/","title":{"rendered":"Actualit\u00e9s"},"content":{"rendered":"\t\t<div data-elementor-type=\"wp-page\" data-elementor-id=\"389\" class=\"elementor elementor-389\" data-elementor-post-type=\"page\">\n\t\t\t\t<div class=\"elementor-element elementor-element-e52ec4b placeholder-header e-flex e-con-boxed e-con e-parent\" data-id=\"e52ec4b\" data-element_type=\"container\">\n\t\t\t\t\t<div class=\"e-con-inner\">\n\t\t\t\t<div class=\"elementor-element elementor-element-dfed6f1 elementor-widget elementor-widget-html\" data-id=\"dfed6f1\" data-element_type=\"widget\" data-widget_type=\"html.default\">\n\t\t\t\t<div class=\"elementor-widget-container\">\n\t\t\t\t\t\n<script>\ndocument.addEventListener('DOMContentLoaded', function() {\n  const header = document.querySelector('header');\n  const placeholder = document.querySelector('.placeholder-header');\n\n  function adjustPlaceholder() {\n    if (header && placeholder) {\n      placeholder.style.height = header.offsetHeight + 'px';\n    }\n  }\n\n  adjustPlaceholder();\n  window.addEventListener('resize', adjustPlaceholder);\n});\n<\/script>\t\t\t\t<\/div>\n\t\t\t\t<\/div>\n\t\t\t\t\t<\/div>\n\t\t\t\t<\/div>\n\t\t<div class=\"elementor-element elementor-element-c5acfc2 e-con-full e-flex e-con e-parent\" data-id=\"c5acfc2\" data-element_type=\"container\">\n\t\t\t\t<div class=\"elementor-element elementor-element-9f227fe elementor-widget elementor-widget-shortcode\" data-id=\"9f227fe\" data-element_type=\"widget\" data-widget_type=\"shortcode.default\">\n\t\t\t\t<div class=\"elementor-widget-container\">\n\t\t\t\t\t\t\t<div class=\"elementor-shortcode\"><nav class=\"fil-ariane\"><a href=\"https:\/\/breizh-alec.lennycopau.fr\">Accueil<\/a> &rarr; <\/nav><\/div>\n\t\t\t\t\t\t<\/div>\n\t\t\t\t<\/div>\n\t\t\t\t<div class=\"elementor-element elementor-element-45c67b7 elementor-widget elementor-widget-heading\" data-id=\"45c67b7\" data-element_type=\"widget\" data-widget_type=\"heading.default\">\n\t\t\t\t<div class=\"elementor-widget-container\">\n\t\t\t\t\t<h1 class=\"elementor-heading-title elementor-size-default\">Les Actus du r\u00e9seau<\/h1>\t\t\t\t<\/div>\n\t\t\t\t<\/div>\n\t\t\t\t<div class=\"elementor-element elementor-element-2cdc29e chapo elementor-hidden-tablet elementor-hidden-mobile elementor-widget elementor-widget-heading\" data-id=\"2cdc29e\" data-element_type=\"widget\" data-widget_type=\"heading.default\">\n\t\t\t\t<div class=\"elementor-widget-container\">\n\t\t\t\t\t<p class=\"elementor-heading-title elementor-size-default\">Vous\u00a0cherchez un emploi dans la transition \u00e9nerg\u00e9tique et \u00e9cologique en Bretagne ? Face \u00e0 l\u2019amplification des sujets environnement et transition, les Agences Locales de l\u2019\u00c9nergie et du Climat (ALEC) bretonnes voient leurs effectifs s\u2019accro\u00eetre ! Rejoindre une ALEC en Bretagne, c\u2019est int\u00e9grer un r\u00e9seau engag\u00e9 et solidaire, au service des objectifs de la transition \u00e9nerg\u00e9tique de son territoire. Prenez connaissance des offres d\u2019emploi en cours.<\/p>\t\t\t\t<\/div>\n\t\t\t\t<\/div>\n\t\t\t\t<\/div>\n\t\t<div class=\"elementor-element elementor-element-c6dd751 e-flex e-con-boxed e-con e-parent\" data-id=\"c6dd751\" data-element_type=\"container\">\n\t\t\t\t\t<div class=\"e-con-inner\">\n\t\t\t\t<div class=\"elementor-element elementor-element-9079e4e elementor-widget__width-inherit elementor-widget elementor-widget-shortcode\" data-id=\"9079e4e\" data-element_type=\"widget\" data-widget_type=\"shortcode.default\">\n\t\t\t\t<div class=\"elementor-widget-container\">\n\t\t\t\t\t\t\t<div class=\"elementor-shortcode\">    <section class=\"actus-filtre\">\n        <form method=\"GET\" class=\"search-filter-form\">\n            <div class=\"search-container\">\n            <input type=\"search\" name=\"recherche\" class=\"search-field\" placeholder=\"&#128269; Rechercher...\" value=\"\">\n\n                <button type=\"submit\" class=\"search-submit\">\n                    \u2794\n                <\/button>\n            <\/div>\n\n            <div class=\"filtre-categories\">\n                <button type=\"submit\" name=\"cat\" value=\"agenda\" class=\"filtre-btn\">Agenda<\/button><button type=\"submit\" name=\"cat\" value=\"breizh-alec-et-son-reseau\" class=\"filtre-btn\">Breizh ALEC et son r\u00e9seau<\/button><button type=\"submit\" name=\"cat\" value=\"evenement\" class=\"filtre-btn\">\u00c9v\u00e8nement<\/button><button type=\"submit\" name=\"cat\" value=\"thematiques\" class=\"filtre-btn\">Th\u00e9matiques<\/button>            <\/div>\n        <\/form>\n        \n\n\n\n    <\/section>\n    <\/div>\n\t\t\t\t\t\t<\/div>\n\t\t\t\t<\/div>\n\t\t\t\t\t<\/div>\n\t\t\t\t<\/div>\n\t\t<div class=\"elementor-element elementor-element-da03813 e-con-full e-flex e-con e-parent\" data-id=\"da03813\" data-element_type=\"container\">\n\t\t\t\t<div class=\"elementor-element elementor-element-181f1e2 elementor-widget__width-initial elementor-widget elementor-widget-shortcode\" data-id=\"181f1e2\" data-element_type=\"widget\" data-widget_type=\"shortcode.default\">\n\t\t\t\t<div class=\"elementor-widget-container\">\n\t\t\t\t\t\t\t<div class=\"elementor-shortcode\">    <section class=\"section-actualites cartes-recents\">\n                            <a href=\"https:\/\/breizh-alec.lennycopau.fr\/index.php\/2025\/03\/25\/test1-climat\/\" class=\"carte carte-epingle\">\n                        <div class=\"cat\">Climat<\/div>\n                        <img fetchpriority=\"high\" decoding=\"async\" width=\"800\" height=\"272\" src=\"https:\/\/breizh-alec.lennycopau.fr\/wp-content\/uploads\/2025\/03\/actu1-1024x348.jpg\" class=\"attachment-large size-large wp-post-image\" alt=\"\" srcset=\"https:\/\/breizh-alec.lennycopau.fr\/wp-content\/uploads\/2025\/03\/actu1-1024x348.jpg 1024w, https:\/\/breizh-alec.lennycopau.fr\/wp-content\/uploads\/2025\/03\/actu1-300x102.jpg 300w, https:\/\/breizh-alec.lennycopau.fr\/wp-content\/uploads\/2025\/03\/actu1-768x261.jpg 768w, https:\/\/breizh-alec.lennycopau.fr\/wp-content\/uploads\/2025\/03\/actu1.jpg 1200w\" sizes=\"(max-width: 800px) 100vw, 800px\" \/>                        <h3>Lorem Ipsum<\/h3>\n                        <div class=\"date\">\n                            <span>25 mars 2025<\/span>\n                        <\/div>\n                    <\/a>\n                                    <a href=\"https:\/\/breizh-alec.lennycopau.fr\/index.php\/2025\/04\/15\/agir-localement-penser-collectivement-entretien-avec-claire-le-gentil-directrice-de-lalec-du-pays-de-rennes\/\" class=\"carte\">\n                    <div class=\"cat\">Les ALEC<\/div>\n                    <img decoding=\"async\" width=\"676\" height=\"683\" src=\"https:\/\/breizh-alec.lennycopau.fr\/wp-content\/uploads\/2025\/04\/Capture-decran-2025-04-15-094535.png\" class=\"attachment-large size-large wp-post-image\" alt=\"\" srcset=\"https:\/\/breizh-alec.lennycopau.fr\/wp-content\/uploads\/2025\/04\/Capture-decran-2025-04-15-094535.png 676w, https:\/\/breizh-alec.lennycopau.fr\/wp-content\/uploads\/2025\/04\/Capture-decran-2025-04-15-094535-297x300.png 297w\" sizes=\"(max-width: 676px) 100vw, 676px\" \/>                    <h3>\u201cAgir localement, penser collectivement\u201d : entretien avec Claire Le Gentil, directrice de l\u2019ALEC du Pays de Rennes<\/h3>\n                    <div class=\"date\">\n                        <span>15 avril 2025<\/span>\n                    <\/div>\n                <\/a>\n                                <a href=\"https:\/\/breizh-alec.lennycopau.fr\/index.php\/2025\/04\/15\/retour-sur-la-journee-attirer-et-fideliser-les-talents-breizh-alec-mobilise-les-acteurs-bretons-autour-de-la-marque-employeur\/\" class=\"carte\">\n                    <div class=\"cat\">Breizh ALEC et son r\u00e9seau<\/div>\n                    <img decoding=\"async\" width=\"800\" height=\"535\" src=\"https:\/\/breizh-alec.lennycopau.fr\/wp-content\/uploads\/2025\/04\/Capture-decran-2025-04-15-093623-1024x685.png\" class=\"attachment-large size-large wp-post-image\" alt=\"\" srcset=\"https:\/\/breizh-alec.lennycopau.fr\/wp-content\/uploads\/2025\/04\/Capture-decran-2025-04-15-093623-1024x685.png 1024w, https:\/\/breizh-alec.lennycopau.fr\/wp-content\/uploads\/2025\/04\/Capture-decran-2025-04-15-093623-300x201.png 300w, https:\/\/breizh-alec.lennycopau.fr\/wp-content\/uploads\/2025\/04\/Capture-decran-2025-04-15-093623-768x514.png 768w, https:\/\/breizh-alec.lennycopau.fr\/wp-content\/uploads\/2025\/04\/Capture-decran-2025-04-15-093623.png 1027w\" sizes=\"(max-width: 800px) 100vw, 800px\" \/>                    <h3>Retour sur la journ\u00e9e \u201cAttirer et fid\u00e9liser les talents\u201d : Breizh ALEC mobilise les acteurs bretons autour de la marque employeur<\/h3>\n                    <div class=\"date\">\n                        <span>15 avril 2025<\/span>\n                    <\/div>\n                <\/a>\n                                <a href=\"https:\/\/breizh-alec.lennycopau.fr\/index.php\/2025\/04\/15\/une-journee-pour-federer-les-energies-locales-breizh-alec-organise-un-evenement-dedie-aux-charges-de-mission\/\" class=\"carte\">\n                    <div class=\"cat\">Agenda<\/div>\n                    <img loading=\"lazy\" decoding=\"async\" width=\"800\" height=\"534\" src=\"https:\/\/breizh-alec.lennycopau.fr\/wp-content\/uploads\/2025\/04\/84af20d7-ffc1-4745-a459-2c8ad8416f55-1024x683.png\" class=\"attachment-large size-large wp-post-image\" alt=\"\" srcset=\"https:\/\/breizh-alec.lennycopau.fr\/wp-content\/uploads\/2025\/04\/84af20d7-ffc1-4745-a459-2c8ad8416f55-1024x683.png 1024w, https:\/\/breizh-alec.lennycopau.fr\/wp-content\/uploads\/2025\/04\/84af20d7-ffc1-4745-a459-2c8ad8416f55-300x200.png 300w, https:\/\/breizh-alec.lennycopau.fr\/wp-content\/uploads\/2025\/04\/84af20d7-ffc1-4745-a459-2c8ad8416f55-768x512.png 768w, https:\/\/breizh-alec.lennycopau.fr\/wp-content\/uploads\/2025\/04\/84af20d7-ffc1-4745-a459-2c8ad8416f55.png 1536w\" sizes=\"(max-width: 800px) 100vw, 800px\" \/>                    <h3>Une journ\u00e9e pour f\u00e9d\u00e9rer les \u00e9nergies locales : Breizh ALEC organise un \u00e9v\u00e9nement d\u00e9di\u00e9 aux charg\u00e9s de mission<\/h3>\n                    <div class=\"date\">\n                        <span>15 avril 2025<\/span>\n                    <\/div>\n                <\/a>\n                    <\/section>\n    <\/div>\n\t\t\t\t\t\t<\/div>\n\t\t\t\t<\/div>\n\t\t\t\t<\/div>\n\t\t<div class=\"elementor-element elementor-element-1a38d22 e-flex e-con-boxed e-con e-parent\" data-id=\"1a38d22\" data-element_type=\"container\">\n\t\t\t\t\t<div class=\"e-con-inner\">\n\t\t\t\t<div class=\"elementor-element elementor-element-6121840 elementor-widget elementor-widget-shortcode\" data-id=\"6121840\" data-element_type=\"widget\" data-widget_type=\"shortcode.default\">\n\t\t\t\t<div class=\"elementor-widget-container\">\n\t\t\t\t\t\t\t<div class=\"elementor-shortcode\"><div class=\"pagination-container\"><ul><li><span class=\"current\">1<\/span><\/li><\/ul><\/div><\/div>\n\t\t\t\t\t\t<\/div>\n\t\t\t\t<\/div>\n\t\t\t\t\t<\/div>\n\t\t\t\t<\/div>\n\t\t\t\t<\/div>\n\t\t","protected":false},"excerpt":{"rendered":"<p>Les Actus du r\u00e9seau Vous\u00a0cherchez un emploi dans la transition \u00e9nerg\u00e9tique et \u00e9cologique en Bretagne ? Face \u00e0 l\u2019amplification des sujets environnement et transition, les Agences Locales de l\u2019\u00c9nergie et du Climat (ALEC) bretonnes voient leurs effectifs s\u2019accro\u00eetre ! Rejoindre une ALEC en Bretagne, c\u2019est int\u00e9grer un r\u00e9seau engag\u00e9 et solidaire, au service des objectifs [&hellip;]<\/p>\n","protected":false},"author":1,"featured_media":0,"parent":0,"menu_order":0,"comment_status":"closed","ping_status":"closed","template":"","meta":{"footnotes":""},"class_list":["post-389","page","type-page","status-publish","hentry"],"_links":{"self":[{"href":"https:\/\/breizh-alec.lennycopau.fr\/index.php\/wp-json\/wp\/v2\/pages\/389","targetHints":{"allow":["GET"]}}],"collection":[{"href":"https:\/\/breizh-alec.lennycopau.fr\/index.php\/wp-json\/wp\/v2\/pages"}],"about":[{"href":"https:\/\/breizh-alec.lennycopau.fr\/index.php\/wp-json\/wp\/v2\/types\/page"}],"author":[{"embeddable":true,"href":"https:\/\/breizh-alec.lennycopau.fr\/index.php\/wp-json\/wp\/v2\/users\/1"}],"replies":[{"embeddable":true,"href":"https:\/\/breizh-alec.lennycopau.fr\/index.php\/wp-json\/wp\/v2\/comments?post=389"}],"version-history":[{"count":121,"href":"https:\/\/breizh-alec.lennycopau.fr\/index.php\/wp-json\/wp\/v2\/pages\/389\/revisions"}],"predecessor-version":[{"id":1015,"href":"https:\/\/breizh-alec.lennycopau.fr\/index.php\/wp-json\/wp\/v2\/pages\/389\/revisions\/1015"}],"wp:attachment":[{"href":"https:\/\/breizh-alec.lennycopau.fr\/index.php\/wp-json\/wp\/v2\/media?parent=389"}],"curies":[{"name":"wp","href":"https:\/\/api.w.org\/{rel}","templated":true}]}}